{"id":2,"date":"2025-09-12T20:12:34","date_gmt":"2025-09-12T20:12:34","guid":{"rendered":"http:\/\/pgtarai.eu\/?page_id=2"},"modified":"2025-09-13T13:18:58","modified_gmt":"2025-09-13T13:18:58","slug":"o-mnie","status":"publish","type":"page","link":"https:\/\/pgtarai.eu\/index.php\/o-mnie\/","title":{"rendered":"O mnie"},"content":{"rendered":"\n<p>Jestem tw\u00f3rc\u0105 wielu martwych projekt\u00f3w, m.in.: Revo-Zin, Forum Sakurasou, Forum OldTimeDreamers. Przez chwil\u0119 by\u0142em w redakcji InnerWorld (schludnie mieli, cho\u0107 nasrane).<\/p>\n\n\n\n<p>Zdaniem niekt\u00f3rych (tylko moim) jestem jednym z najwa\u017cniejszych tw\u00f3rc\u00f3w tre\u015bci, wspieraj\u0105cych popularyzacj\u0119 Linuxa w Polsce. M\u00f3j wk\u0142ad mo\u017cna by\u0142o odczu\u0107 na forach, gdzie te najlepsze rady pisa\u0142em jako u\u017cytkownik PomPom. W przesz\u0142o\u015bci prowadzi\u0142em <s>popularn\u0105<\/s> stronk\u0119 na FB &#8222;U\u017cywasz Linuxa? Nie id\u0119 z Tob\u0105 do \u0142\u00f3\u017cka!&#8221;, kt\u00f3rej nazwa by\u0142a dodatkowo \u017cartem z debilnego peja o podobnej nazwie. Niestety w trakcie odpoczynku od aktywnej dzia\u0142alno\u015bci zarz\u0105d FB postanowi\u0142 usun\u0105\u0107 moj\u0105 stronk\u0119 bez s\u0142owa.<\/p>\n\n\n\n<p>W wolnych chwilach zajmuj\u0119 si\u0119 piciem piwa oraz poszerzaniem wiedzy na temat niszowych gier.<\/p>\n\n\n\n<p>Poni\u017cej opinie o mnie:<\/p>\n\n\n\n<blockquote class=\"wp-block-quote is-layout-flow wp-block-quote-is-layout-flow\">\n<p>&#8222;Polecam wsp\u00f3\u0142prac\u0119. Wszystko dostarczone na czas. Essa&#8221;<\/p>\n\n\n\n<p>Tommy Sopaczio (DJ)<\/p>\n<\/blockquote>\n\n\n\n<blockquote class=\"wp-block-quote is-layout-flow wp-block-quote-is-layout-flow\">\n<p>&#8222;Gdyby nie on, dawno by\u0142bym z anio\u0142kami&#8221;<\/p>\n\n\n\n<p>D.M.<\/p>\n<\/blockquote>\n","protected":false},"excerpt":{"rendered":"<p>Jestem tw\u00f3rc\u0105 wielu martwych projekt\u00f3w, m.in.: Revo-Zin, Forum Sakurasou, Forum OldTimeDreamers. Przez chwil\u0119 by\u0142em w redakcji InnerWorld (schludnie mieli, cho\u0107 nasrane). Zdaniem niekt\u00f3rych (tylko moim) jestem jednym z najwa\u017cniejszych tw\u00f3rc\u00f3w tre\u015bci, wspieraj\u0105cych popularyzacj\u0119 Linuxa w Polsce. M\u00f3j wk\u0142ad mo\u017cna by\u0142o odczu\u0107 na forach, gdzie te najlepsze rady pisa\u0142em jako u\u017cytkownik PomPom. W przesz\u0142o\u015bci prowadzi\u0142em popularn\u0105 [&hellip;]<\/p>\n","protected":false},"author":1,"featured_media":0,"parent":0,"menu_order":0,"comment_status":"closed","ping_status":"closed","template":"","meta":{"footnotes":""},"class_list":["post-2","page","type-page","status-publish","hentry"],"_links":{"self":[{"href":"https:\/\/pgtarai.eu\/index.php\/wp-json\/wp\/v2\/pages\/2","targetHints":{"allow":["GET"]}}],"collection":[{"href":"https:\/\/pgtarai.eu\/index.php\/wp-json\/wp\/v2\/pages"}],"about":[{"href":"https:\/\/pgtarai.eu\/index.php\/wp-json\/wp\/v2\/types\/page"}],"author":[{"embeddable":true,"href":"https:\/\/pgtarai.eu\/index.php\/wp-json\/wp\/v2\/users\/1"}],"replies":[{"embeddable":true,"href":"https:\/\/pgtarai.eu\/index.php\/wp-json\/wp\/v2\/comments?post=2"}],"version-history":[{"count":6,"href":"https:\/\/pgtarai.eu\/index.php\/wp-json\/wp\/v2\/pages\/2\/revisions"}],"predecessor-version":[{"id":27,"href":"https:\/\/pgtarai.eu\/index.php\/wp-json\/wp\/v2\/pages\/2\/revisions\/27"}],"wp:attachment":[{"href":"https:\/\/pgtarai.eu\/index.php\/wp-json\/wp\/v2\/media?parent=2"}],"curies":[{"name":"wp","href":"https:\/\/api.w.org\/{rel}","templated":true}]}}